{"id":100,"date":"2016-12-23T20:52:39","date_gmt":"2016-12-23T18:52:39","guid":{"rendered":"https:\/\/diegetreuen.wordpress.com\/was-stellen-wir-dar\/"},"modified":"2016-12-23T20:52:39","modified_gmt":"2016-12-23T18:52:39","slug":"about","status":"publish","type":"page","link":"https:\/\/juelich-holstein.de\/","title":{"rendered":"Willkommen!"},"content":{"rendered":"\n<div class=\"wp-block-columns is-layout-flex wp-container-core-columns-is-layout-9d6595d7 wp-block-columns-is-layout-flex\">\n<div class=\"wp-block-column is-layout-flow wp-block-column-is-layout-flow\">\n<p>Edle Damen und Herren, Geistliche und Gelehrte, H\u00e4ndler und Handwerker, M\u00e4gde und Knechte &#8211; sie alle und viele mehr sind Teil des Lebens im Mittelalters und wir freuen uns, einen Ausschnitt dieser bunten Mischung darstellen zu k\u00f6nnen.<\/p>\n\n\n\n<p>Wir sind Teil des <a href=\"https:\/\/www.facebook.com\/profile.php?id=100063709232348\">Historienprojektes SRI<\/a> (Sacri Romani Imperii) und stellen gemeinsam die Gr\u00e4fin Elisabeth von J\u00fclich und den Grafen Johann III von Holstein, sowie deren Bedienstete dar.<\/p>\n\n\n\n<p>Wir orientieren uns dabei an historischen Quellen und versuchen bei der Umsetzung so genau wie m\u00f6glich zu arbeiten, um ein authentisches Bild zu liefern.<\/p>\n\n\n\n<p>Besucht uns gerne auf unserer <a href=\"https:\/\/www.facebook.com\/SRIJuelichHolstein\">Facebook-Seite<\/a>.<\/p>\n<\/div>\n<\/div>\n","protected":false},"excerpt":{"rendered":"<p>Edle Damen und Herren, Geistliche und Gelehrte, H\u00e4ndler und Handwerker, M\u00e4gde und Knechte &#8211; sie alle und viele mehr sind Teil des Lebens im Mittelalters und wir freuen uns, einen Ausschnitt dieser bunten Mischung darstellen zu k\u00f6nnen. Wir sind Teil des Historienprojektes SRI (Sacri Romani Imperii) und stellen gemeinsam die Gr\u00e4fin Elisabeth von J\u00fclich und&hellip; <a href=\"https:\/\/juelich-holstein.de\/\" class=\"more-link\">Weiterlesen <span class=\"screen-reader-text\">Willkommen!<\/span><\/a><\/p>\n","protected":false},"author":2,"featured_media":0,"parent":0,"menu_order":0,"comment_status":"closed","ping_status":"closed","template":"templates\/full-width-page.php","meta":{"_coblocks_attr":"","_coblocks_dimensions":"","_coblocks_responsive_height":"","_coblocks_accordion_ie_support":"","footnotes":""},"tags":[],"class_list":["post-100","page","type-page","status-publish","hentry","without-featured-image"],"jetpack_sharing_enabled":true,"_links":{"self":[{"href":"https:\/\/juelich-holstein.de\/index.php\/wp-json\/wp\/v2\/pages\/100","targetHints":{"allow":["GET"]}}],"collection":[{"href":"https:\/\/juelich-holstein.de\/index.php\/wp-json\/wp\/v2\/pages"}],"about":[{"href":"https:\/\/juelich-holstein.de\/index.php\/wp-json\/wp\/v2\/types\/page"}],"author":[{"embeddable":true,"href":"https:\/\/juelich-holstein.de\/index.php\/wp-json\/wp\/v2\/users\/2"}],"replies":[{"embeddable":true,"href":"https:\/\/juelich-holstein.de\/index.php\/wp-json\/wp\/v2\/comments?post=100"}],"version-history":[{"count":0,"href":"https:\/\/juelich-holstein.de\/index.php\/wp-json\/wp\/v2\/pages\/100\/revisions"}],"wp:attachment":[{"href":"https:\/\/juelich-holstein.de\/index.php\/wp-json\/wp\/v2\/media?parent=100"}],"wp:term":[{"taxonomy":"post_tag","embeddable":true,"href":"https:\/\/juelich-holstein.de\/index.php\/wp-json\/wp\/v2\/tags?post=100"}],"curies":[{"name":"wp","href":"https:\/\/api.w.org\/{rel}","templated":true}]}}