{"id":109,"date":"2016-12-23T20:54:26","date_gmt":"2016-12-23T18:54:26","guid":{"rendered":"https:\/\/diegetreuen.wordpress.com\/informationen-fuer-veranstalter\/"},"modified":"2016-12-23T20:54:26","modified_gmt":"2016-12-23T18:54:26","slug":"informationen-fuer-veranstalter","status":"publish","type":"page","link":"https:\/\/juelich-holstein.de\/index.php\/about\/informationen-fuer-veranstalter\/","title":{"rendered":"Informationen f\u00fcr Veranstalter"},"content":{"rendered":"\n<p>Liebe Veranstalter,<br>folgend finden Sie Informationen zu unserem Lager.<\/p>\n\n\n\n<hr class=\"wp-block-separator has-css-opacity\"\/>\n\n\n\n<h3 class=\"wp-block-heading\">Folgende Zelte sind vorhanden:<\/h3>\n\n\n\n<ul class=\"wp-block-list\"><li>4 Ritterzelte (jeweils 4m x 4m, plus Abspannung)<\/li><li>1 Ritterzelt (4m x 6m, plus Abspannung)<\/li><li>3 Sachsenzelte (jeweils 4m x 6m, plus Vord\u00e4cher und Abspannung)<\/li><li>1 Gemeinschaftszelt (6m x 6m, plus Abspannung)<\/li><li>Sonnensegel als K\u00fcche (5m x 6m, plus Abspannung)<\/li><\/ul>\n\n\n\n<p>Die oben genannten Zelte&nbsp;stellen nur die max. Anzahl dar. Der Aufbau und die damit verbundene Anzahl an aufgebauten Zelten richtet sich nach Personenanzahl und Gr\u00f6\u00dfe der zur Verf\u00fcgung stehenden Fl\u00e4che.<\/p>\n\n\n\n<hr class=\"wp-block-separator has-css-opacity\"\/>\n\n\n\n<h3 class=\"wp-block-heading\">Fotos:<\/h3>\n\n\n\n<div class=\"wp-block-jetpack-slideshow aligncenter\" data-effect=\"slide\"><div class=\"wp-block-jetpack-slideshow_container swiper-container\"><ul class=\"wp-block-jetpack-slideshow_swiper-wrapper swiper-wrapper\"><li class=\"wp-block-jetpack-slideshow_slide swiper-slide\"><figure><img decoding=\"async\" alt=\"\" class=\"wp-block-jetpack-slideshow_image wp-image-1509\" data-id=\"1509\" src=\"https:\/\/die-getreuen.de\/wp-content\/uploads\/2018\/09\/DSC00679.jpg\"\/><\/figure><\/li><li class=\"wp-block-jetpack-slideshow_slide swiper-slide\"><figure><img decoding=\"async\" alt=\"\" class=\"wp-block-jetpack-slideshow_image wp-image-1961\" data-id=\"1961\" src=\"https:\/\/die-getreuen.de\/wp-content\/uploads\/2019\/07\/67491819_1280513365450981_7308881147662958592_n.jpg\"\/><\/figure><\/li><li class=\"wp-block-jetpack-slideshow_slide swiper-slide\"><figure><img decoding=\"async\" alt=\"\" class=\"wp-block-jetpack-slideshow_image wp-image-1836\" data-id=\"1836\" src=\"https:\/\/die-getreuen.de\/wp-content\/uploads\/2019\/07\/DSC01378.jpg\"\/><figcaption class=\"wp-block-jetpack-slideshow_caption gallery-caption\">Tafel<\/figcaption><\/figure><\/li><li class=\"wp-block-jetpack-slideshow_slide swiper-slide\"><figure><img decoding=\"async\" alt=\"\" class=\"wp-block-jetpack-slideshow_image wp-image-1828\" data-id=\"1828\" src=\"https:\/\/die-getreuen.de\/wp-content\/uploads\/2019\/07\/DSC01362.jpg\"\/><\/figure><\/li><li class=\"wp-block-jetpack-slideshow_slide swiper-slide\"><figure><img decoding=\"async\" alt=\"\" class=\"wp-block-jetpack-slideshow_image wp-image-1504\" data-id=\"1504\" src=\"https:\/\/die-getreuen.de\/wp-content\/uploads\/2018\/09\/DSC00708.jpg\"\/><\/figure><\/li><\/ul><a class=\"wp-block-jetpack-slideshow_button-prev swiper-button-prev swiper-button-white\" role=\"button\"><\/a><a class=\"wp-block-jetpack-slideshow_button-next swiper-button-next swiper-button-white\" role=\"button\"><\/a><a aria-label=\"Pause Slideshow\" class=\"wp-block-jetpack-slideshow_button-pause\" role=\"button\"><\/a><div class=\"wp-block-jetpack-slideshow_pagination swiper-pagination swiper-pagination-white\"><\/div><\/div><\/div>\n","protected":false},"excerpt":{"rendered":"<p>Liebe Veranstalter,folgend finden Sie Informationen zu unserem Lager. Folgende Zelte sind vorhanden: 4 Ritterzelte (jeweils 4m x 4m, plus Abspannung) 1 Ritterzelt (4m x 6m, plus Abspannung) 3 Sachsenzelte (jeweils 4m x 6m, plus Vord\u00e4cher und Abspannung) 1 Gemeinschaftszelt (6m x 6m, plus Abspannung) Sonnensegel als K\u00fcche (5m x 6m, plus Abspannung) Die oben genannten&hellip; <a href=\"https:\/\/juelich-holstein.de\/index.php\/about\/informationen-fuer-veranstalter\/\" class=\"more-link\">Weiterlesen <span class=\"screen-reader-text\">Informationen f\u00fcr Veranstalter<\/span><\/a><\/p>\n","protected":false},"author":2,"featured_media":0,"parent":100,"menu_order":0,"comment_status":"closed","ping_status":"closed","template":"templates\/full-width-page.php","meta":{"_coblocks_attr":"","_coblocks_dimensions":"","_coblocks_responsive_height":"","_coblocks_accordion_ie_support":"","footnotes":""},"tags":[],"class_list":["post-109","page","type-page","status-publish","hentry","without-featured-image"],"jetpack_sharing_enabled":true,"_links":{"self":[{"href":"https:\/\/juelich-holstein.de\/index.php\/wp-json\/wp\/v2\/pages\/109","targetHints":{"allow":["GET"]}}],"collection":[{"href":"https:\/\/juelich-holstein.de\/index.php\/wp-json\/wp\/v2\/pages"}],"about":[{"href":"https:\/\/juelich-holstein.de\/index.php\/wp-json\/wp\/v2\/types\/page"}],"author":[{"embeddable":true,"href":"https:\/\/juelich-holstein.de\/index.php\/wp-json\/wp\/v2\/users\/2"}],"replies":[{"embeddable":true,"href":"https:\/\/juelich-holstein.de\/index.php\/wp-json\/wp\/v2\/comments?post=109"}],"version-history":[{"count":0,"href":"https:\/\/juelich-holstein.de\/index.php\/wp-json\/wp\/v2\/pages\/109\/revisions"}],"up":[{"embeddable":true,"href":"https:\/\/juelich-holstein.de\/index.php\/wp-json\/wp\/v2\/pages\/100"}],"wp:attachment":[{"href":"https:\/\/juelich-holstein.de\/index.php\/wp-json\/wp\/v2\/media?parent=109"}],"wp:term":[{"taxonomy":"post_tag","embeddable":true,"href":"https:\/\/juelich-holstein.de\/index.php\/wp-json\/wp\/v2\/tags?post=109"}],"curies":[{"name":"wp","href":"https:\/\/api.w.org\/{rel}","templated":true}]}}