{"id":2771,"date":"2022-09-19T10:31:39","date_gmt":"2022-09-19T08:31:39","guid":{"rendered":"https:\/\/die-getreuen.de\/?page_id=2771"},"modified":"2022-09-19T10:31:39","modified_gmt":"2022-09-19T08:31:39","slug":"andre-zu-brux","status":"publish","type":"page","link":"https:\/\/juelich-holstein.de\/index.php\/unsere-darstellung\/andre-zu-brux\/","title":{"rendered":"Andre zu Brux"},"content":{"rendered":"\n<div class=\"wp-block-columns is-layout-flex wp-container-core-columns-is-layout-9d6595d7 wp-block-columns-is-layout-flex\">\n<div class=\"wp-block-column is-layout-flow wp-block-column-is-layout-flow\" style=\"flex-basis:100%\">\n<div class=\"wp-block-columns is-layout-flex wp-container-core-columns-is-layout-9d6595d7 wp-block-columns-is-layout-flex\">\n<div class=\"wp-block-column is-layout-flow wp-block-column-is-layout-flow\" style=\"flex-basis:40%\">\n<figure class=\"wp-block-image size-full\"><a href=\"https:\/\/die-getreuen.de\/wp-content\/uploads\/2022\/09\/andre_5x7.png\"><img decoding=\"async\" src=\"https:\/\/die-getreuen.de\/wp-content\/uploads\/2022\/09\/andre_5x7.png\" alt=\"\" class=\"wp-image-2841\"\/><\/a><\/figure>\n<\/div>\n\n\n\n<div class=\"wp-block-column is-vertically-aligned-center is-layout-flow wp-block-column-is-layout-flow\" style=\"flex-basis:60%\">\n<p>Andre ist der erste und einzige Sohn von Johann und Dagmar zu Brux. Seine Mutter stammt aus einer erfolgreichen L\u00fcbecker Kaufmannsfamilie, sein Vater stammt aus altem, aber verarmten Landadel. Andre wuchs zusammen mit seinen j\u00fcngeren Schwestern recht beh\u00fctet auf. Das Familienverm\u00f6gen, das seine Mutter Dagmar als Mitgift erhielt, erm\u00f6glichte ihm eine gute Ausbildung sowie viele Gesch\u00e4ftsreisen und Kontakte zu anderen Kaufleuten.<\/p>\n<\/div>\n<\/div>\n<\/div>\n<\/div>\n\n\n\n<p>W\u00e4hrend einer l\u00e4ngeren Gesch\u00e4ftsreise im (heutigen) Rheinland verstarb sein Vater, sodass er diese abbrechen und zur\u00fcckkehren musste. Als Andre wieder in L\u00fcbeck ankam, stellte er zu seinem Schrecken fest, dass sein Vater das Familienverm\u00f6gen heimlich verprasst und sich stark verschuldet hatte.<br>Um die Schulden zu begleichen, \u00fcberlie\u00df er den Gl\u00e4ubigern das Lehen seines Vaters und begab sich in Anstellung bei einem&nbsp; befreundeten Kaufmann in L\u00fcbeck. Dort bezog er mit seiner Mutter und seiner j\u00fcngsten Schwester das G\u00e4stehaus, die \u00e4ltere Schwester zog zu ihrem k\u00fcnftigen Ehemann und heiratete diesen kurz danach. Mutter und Schwester dienten im Haushalt des Kaufmannes, Andre k\u00fcmmerte sich um die Buchhaltung.<br>Als Andre bereits ein paar Jahre gut gewirtschaftet hatte, erfuhr er, dass der Graf einen Verwalter f\u00fcr die Siegesburg suchte. Er wurde vorstellig und bekam dank seiner guten Referenzen die Stelle. Sogleich zog er auf die Burg, Mutter und Schwester blieben in L\u00fcbeck, konnten sich aber mit Unterst\u00fctzung von Andre ein kleines Haus leisten und arbeiteten weiterhin beim Kaufmann.<\/p>\n\n\n\n<p>Ein paar Jahre nach seinem Umzug auf die Burg wurde Andre zum K\u00e4mmerer des Grafen ernannt und war fortan der erste Berater in wirtschaftlichen Fragen.<\/p>\n\n\n\n<div class=\"wp-block-jetpack-slideshow aligncenter\" data-effect=\"slide\"><div class=\"wp-block-jetpack-slideshow_container swiper-container\"><ul class=\"wp-block-jetpack-slideshow_swiper-wrapper swiper-wrapper\"><li class=\"wp-block-jetpack-slideshow_slide swiper-slide\"><figure><img decoding=\"async\" alt=\"\" class=\"wp-block-jetpack-slideshow_image wp-image-2842\" data-id=\"2842\" src=\"https:\/\/die-getreuen.de\/wp-content\/uploads\/2022\/09\/andre_dia-1.jpg\"\/><figcaption class=\"wp-block-jetpack-slideshow_caption gallery-caption\">2014<\/figcaption><\/figure><\/li><li class=\"wp-block-jetpack-slideshow_slide swiper-slide\"><figure><img decoding=\"async\" alt=\"\" class=\"wp-block-jetpack-slideshow_image wp-image-2843\" data-id=\"2843\" src=\"https:\/\/die-getreuen.de\/wp-content\/uploads\/2022\/09\/andre_dia-2.jpg\"\/><figcaption class=\"wp-block-jetpack-slideshow_caption gallery-caption\">2016<\/figcaption><\/figure><\/li><li class=\"wp-block-jetpack-slideshow_slide swiper-slide\"><figure><img decoding=\"async\" alt=\"\" class=\"wp-block-jetpack-slideshow_image wp-image-2844\" data-id=\"2844\" src=\"https:\/\/die-getreuen.de\/wp-content\/uploads\/2022\/09\/andre_dia-3.jpg\"\/><figcaption class=\"wp-block-jetpack-slideshow_caption gallery-caption\">2018<\/figcaption><\/figure><\/li><li class=\"wp-block-jetpack-slideshow_slide swiper-slide\"><figure><img decoding=\"async\" alt=\"\" class=\"wp-block-jetpack-slideshow_image wp-image-2460\" data-id=\"2460\" src=\"https:\/\/die-getreuen.de\/wp-content\/uploads\/2020\/09\/DSC_1990-2-686x1024.jpg\"\/><figcaption class=\"wp-block-jetpack-slideshow_caption gallery-caption\">2020<\/figcaption><\/figure><\/li><\/ul><a class=\"wp-block-jetpack-slideshow_button-prev swiper-button-prev swiper-button-white\" role=\"button\"><\/a><a class=\"wp-block-jetpack-slideshow_button-next swiper-button-next swiper-button-white\" role=\"button\"><\/a><a aria-label=\"Pause Slideshow\" class=\"wp-block-jetpack-slideshow_button-pause\" role=\"button\"><\/a><div class=\"wp-block-jetpack-slideshow_pagination swiper-pagination swiper-pagination-white\"><\/div><\/div><\/div>\n\n\n\n<p class=\"has-vivid-red-color has-text-color\">\ud83e\udc14 zur\u00fcck zur \u00dcbersicht<\/p>\n","protected":false},"excerpt":{"rendered":"<p>Andre ist der erste und einzige Sohn von Johann und Dagmar zu Brux. Seine Mutter stammt aus einer erfolgreichen L\u00fcbecker Kaufmannsfamilie, sein Vater stammt aus altem, aber verarmten Landadel. Andre wuchs zusammen mit seinen j\u00fcngeren Schwestern recht beh\u00fctet auf. Das Familienverm\u00f6gen, das seine Mutter Dagmar als Mitgift erhielt, erm\u00f6glichte ihm eine gute Ausbildung sowie viele&hellip; <a href=\"https:\/\/juelich-holstein.de\/index.php\/unsere-darstellung\/andre-zu-brux\/\" class=\"more-link\">Weiterlesen <span class=\"screen-reader-text\">Andre zu Brux<\/span><\/a><\/p>\n","protected":false},"author":2,"featured_media":0,"parent":2707,"menu_order":0,"comment_status":"closed","ping_status":"closed","template":"templates\/full-width-page.php","meta":{"_coblocks_attr":"","_coblocks_dimensions":"","_coblocks_responsive_height":"","_coblocks_accordion_ie_support":"","footnotes":""},"tags":[],"class_list":["post-2771","page","type-page","status-publish","hentry","without-featured-image"],"jetpack_sharing_enabled":true,"_links":{"self":[{"href":"https:\/\/juelich-holstein.de\/index.php\/wp-json\/wp\/v2\/pages\/2771","targetHints":{"allow":["GET"]}}],"collection":[{"href":"https:\/\/juelich-holstein.de\/index.php\/wp-json\/wp\/v2\/pages"}],"about":[{"href":"https:\/\/juelich-holstein.de\/index.php\/wp-json\/wp\/v2\/types\/page"}],"author":[{"embeddable":true,"href":"https:\/\/juelich-holstein.de\/index.php\/wp-json\/wp\/v2\/users\/2"}],"replies":[{"embeddable":true,"href":"https:\/\/juelich-holstein.de\/index.php\/wp-json\/wp\/v2\/comments?post=2771"}],"version-history":[{"count":0,"href":"https:\/\/juelich-holstein.de\/index.php\/wp-json\/wp\/v2\/pages\/2771\/revisions"}],"up":[{"embeddable":true,"href":"https:\/\/juelich-holstein.de\/index.php\/wp-json\/wp\/v2\/pages\/2707"}],"wp:attachment":[{"href":"https:\/\/juelich-holstein.de\/index.php\/wp-json\/wp\/v2\/media?parent=2771"}],"wp:term":[{"taxonomy":"post_tag","embeddable":true,"href":"https:\/\/juelich-holstein.de\/index.php\/wp-json\/wp\/v2\/tags?post=2771"}],"curies":[{"name":"wp","href":"https:\/\/api.w.org\/{rel}","templated":true}]}}