{"id":2832,"date":"2022-09-20T09:53:09","date_gmt":"2022-09-20T07:53:09","guid":{"rendered":"https:\/\/die-getreuen.de\/?page_id=2832"},"modified":"2022-09-20T09:53:09","modified_gmt":"2022-09-20T07:53:09","slug":"euphemia-von-holstein","status":"publish","type":"page","link":"https:\/\/juelich-holstein.de\/index.php\/unsere-darstellung\/euphemia-von-holstein\/","title":{"rendered":"Elisabeth von J\u00fclich"},"content":{"rendered":"\n<div class=\"wp-block-media-text alignwide is-stacked-on-mobile\"><figure class=\"wp-block-media-text__media\"><img decoding=\"async\" src=\"https:\/\/juelich-holstein.de\/wp-content\/uploads\/2023\/03\/dagmar_dia-7-2.png\" alt=\"\" class=\"wp-image-3833 size-full\"\/><\/figure><div class=\"wp-block-media-text__content\">\n<p>Elisabeth Gr\u00e4fin von J\u00fclich, geboren um 1285, gestorben 1350, war die zweite Ehefrau von Gerhard V. von J\u00fclich (ca. 1250 \u2013 1328).<\/p>\n\n\n\n<p>Ihr Vater war Gottfried von Brabant-Aerschot, der j\u00fcngere Bruder des Herzogs von Brabant. Durch ihre v\u00e4terliche Familie war sie mit dem franz\u00f6sischen und englischen K\u00f6nigshaus verwandt; die Mutter des K\u00f6nigs von B\u00f6hmen, Johann von Luxemburg, war ihre Cousine.<\/p>\n\n\n\n<p>Sie hatte vier S\u00f6hne und drei T\u00f6chter. Der \u00e4lteste Sohn, Wilhelm, wurde 1336 zum Markgrafen und 1356 zum Herzog erhoben. Der zweite Sohn, Walram, wurde Erzbischof von K\u00f6ln und damit einer der sieben Kurf\u00fcrsten.<\/p>\n<\/div><\/div>\n\n\n\n<p>J\u00fclich war ein Reichslehen; die Haupteinnahmequellen waren der Anbau von F\u00e4rberwaid, der zum Blauf\u00e4rben genutzt wurde, und Zolleinnahmen von den Handelsstra\u00dfen zwischen Frankreich und Deutschland.<\/p>\n","protected":false},"excerpt":{"rendered":"<p>Elisabeth Gr\u00e4fin von J\u00fclich, geboren um 1285, gestorben 1350, war die zweite Ehefrau von Gerhard V. von J\u00fclich (ca. 1250 \u2013 1328). Ihr Vater war Gottfried von Brabant-Aerschot, der j\u00fcngere Bruder des Herzogs von Brabant. Durch ihre v\u00e4terliche Familie war sie mit dem franz\u00f6sischen und englischen K\u00f6nigshaus verwandt; die Mutter des K\u00f6nigs von B\u00f6hmen, Johann&hellip; <a href=\"https:\/\/juelich-holstein.de\/index.php\/unsere-darstellung\/euphemia-von-holstein\/\" class=\"more-link\">Weiterlesen <span class=\"screen-reader-text\">Elisabeth von J\u00fclich<\/span><\/a><\/p>\n","protected":false},"author":2,"featured_media":0,"parent":2707,"menu_order":0,"comment_status":"closed","ping_status":"closed","template":"templates\/full-width-page.php","meta":{"_coblocks_attr":"","_coblocks_dimensions":"","_coblocks_responsive_height":"","_coblocks_accordion_ie_support":"","footnotes":""},"tags":[],"class_list":["post-2832","page","type-page","status-publish","hentry","without-featured-image"],"jetpack_sharing_enabled":true,"_links":{"self":[{"href":"https:\/\/juelich-holstein.de\/index.php\/wp-json\/wp\/v2\/pages\/2832","targetHints":{"allow":["GET"]}}],"collection":[{"href":"https:\/\/juelich-holstein.de\/index.php\/wp-json\/wp\/v2\/pages"}],"about":[{"href":"https:\/\/juelich-holstein.de\/index.php\/wp-json\/wp\/v2\/types\/page"}],"author":[{"embeddable":true,"href":"https:\/\/juelich-holstein.de\/index.php\/wp-json\/wp\/v2\/users\/2"}],"replies":[{"embeddable":true,"href":"https:\/\/juelich-holstein.de\/index.php\/wp-json\/wp\/v2\/comments?post=2832"}],"version-history":[{"count":0,"href":"https:\/\/juelich-holstein.de\/index.php\/wp-json\/wp\/v2\/pages\/2832\/revisions"}],"up":[{"embeddable":true,"href":"https:\/\/juelich-holstein.de\/index.php\/wp-json\/wp\/v2\/pages\/2707"}],"wp:attachment":[{"href":"https:\/\/juelich-holstein.de\/index.php\/wp-json\/wp\/v2\/media?parent=2832"}],"wp:term":[{"taxonomy":"post_tag","embeddable":true,"href":"https:\/\/juelich-holstein.de\/index.php\/wp-json\/wp\/v2\/tags?post=2832"}],"curies":[{"name":"wp","href":"https:\/\/api.w.org\/{rel}","templated":true}]}}