{"id":2981,"date":"2022-09-21T11:26:32","date_gmt":"2022-09-21T09:26:32","guid":{"rendered":"https:\/\/die-getreuen.de\/?page_id=2981"},"modified":"2022-09-21T11:26:32","modified_gmt":"2022-09-21T09:26:32","slug":"ulrike","status":"publish","type":"page","link":"https:\/\/juelich-holstein.de\/index.php\/unsere-darstellung-2\/ulrike\/","title":{"rendered":"Priorin Elizabeth"},"content":{"rendered":"\n<blockquote class=\"wp-block-quote is-layout-flow wp-block-quote-is-layout-flow\">\n<p style=\"font-size:15px\">Hinweis: Die folgende Beschreibung ist fiktiv. Der Name der Priorin taucht in den erhaltenen Dokumenten zum Kloster auf, die Person selber wird aber nicht weiter beschrieben, auch gibt es keine anderen Quellen zu dieser Person.<\/p>\n<\/blockquote>\n\n\n\n<div class=\"wp-block-media-text alignwide is-stacked-on-mobile\"><figure class=\"wp-block-media-text__media\"><img decoding=\"async\" src=\"https:\/\/juelich-holstein.de\/wp-content\/uploads\/2023\/03\/priorin-3-4-748x1024.jpg\" alt=\"\" class=\"wp-image-3971 size-full\"\/><\/figure><div class=\"wp-block-media-text__content\">\n<p>Elizabeth wurde 1286 als \u00e4lteste Tochter von Stephanus von der Wisch und seiner Frau Johanna von der Wisch geboren und ist die Cousine v\u00e4terlicherseits von Wulff von der Wisch.<\/p>\n\n\n\n<p>Im Alter von 7 Jahren trat sie auf Gehei\u00df der Eltern in die Klosterschule des Kloster Preetz ein. Das schlaue &#8211; wenn auch etwas vorlaute &#8211; M\u00e4dchen sollte eine gute Ausbildung bekommen und die Bande zwischen Kirche und der Familie noch etwas mehr festigen, als dies eh schon der Fall war.<\/p>\n\n\n\n<p>Mit 10 Jahren wurde sie Novizin und war vorzugsweise f\u00fcr K\u00fcchen- und Gartenarbeiten eingeteilt.\u00a0<br><\/p>\n<\/div><\/div>\n\n\n\n<p>Zwei Jahre sp\u00e4ter legte sie das ewige Gel\u00fcbde ab und arbeitete nun als Nonne seit 1309 in der K\u00fcche und im Garten.\u00a0<br>Sie verstand sich vor allem darin, auch in Zeiten des Mangels immer etwas besonderes in den Topf und auf den Tisch zu zaubern und machte sich hinter den Klostermauern schnell einen Namen.\u00a0<\/p>\n\n\n\n<p>1319 wurde sie nahezu einstimmig zur Priorin gew\u00e4hlt und f\u00fchrte das Kloster bis 1331.<\/p>\n\n\n\n<p>In diesen 12 Jahren vergr\u00f6\u00dferte sie die auf dem Kloster befindlichen Kr\u00e4uter- und Gem\u00fcsebeete und brachte die Sammlungen der Kloster-Bibliothek voran. Nach Ende ihrer Amtszeit verblieb sie noch 4 Jahre bis zu ihrem Tod im Kloster.<\/p>\n","protected":false},"excerpt":{"rendered":"<p>Hinweis: Die folgende Beschreibung ist fiktiv. Der Name der Priorin taucht in den erhaltenen Dokumenten zum Kloster auf, die Person selber wird aber nicht weiter beschrieben, auch gibt es keine anderen Quellen zu dieser Person. Elizabeth wurde 1286 als \u00e4lteste Tochter von Stephanus von der Wisch und seiner Frau Johanna von der Wisch geboren und&hellip; <a href=\"https:\/\/juelich-holstein.de\/index.php\/unsere-darstellung-2\/ulrike\/\" class=\"more-link\">Weiterlesen <span class=\"screen-reader-text\">Priorin Elizabeth<\/span><\/a><\/p>\n","protected":false},"author":2,"featured_media":0,"parent":4280,"menu_order":0,"comment_status":"closed","ping_status":"closed","template":"templates\/full-width-page.php","meta":{"_coblocks_attr":"","_coblocks_dimensions":"","_coblocks_responsive_height":"","_coblocks_accordion_ie_support":"","footnotes":""},"tags":[],"class_list":["post-2981","page","type-page","status-publish","hentry","without-featured-image"],"jetpack_sharing_enabled":true,"_links":{"self":[{"href":"https:\/\/juelich-holstein.de\/index.php\/wp-json\/wp\/v2\/pages\/2981","targetHints":{"allow":["GET"]}}],"collection":[{"href":"https:\/\/juelich-holstein.de\/index.php\/wp-json\/wp\/v2\/pages"}],"about":[{"href":"https:\/\/juelich-holstein.de\/index.php\/wp-json\/wp\/v2\/types\/page"}],"author":[{"embeddable":true,"href":"https:\/\/juelich-holstein.de\/index.php\/wp-json\/wp\/v2\/users\/2"}],"replies":[{"embeddable":true,"href":"https:\/\/juelich-holstein.de\/index.php\/wp-json\/wp\/v2\/comments?post=2981"}],"version-history":[{"count":0,"href":"https:\/\/juelich-holstein.de\/index.php\/wp-json\/wp\/v2\/pages\/2981\/revisions"}],"up":[{"embeddable":true,"href":"https:\/\/juelich-holstein.de\/index.php\/wp-json\/wp\/v2\/pages\/4280"}],"wp:attachment":[{"href":"https:\/\/juelich-holstein.de\/index.php\/wp-json\/wp\/v2\/media?parent=2981"}],"wp:term":[{"taxonomy":"post_tag","embeddable":true,"href":"https:\/\/juelich-holstein.de\/index.php\/wp-json\/wp\/v2\/tags?post=2981"}],"curies":[{"name":"wp","href":"https:\/\/api.w.org\/{rel}","templated":true}]}}