{"id":96,"date":"2016-12-23T20:52:37","date_gmt":"2016-12-23T18:52:37","guid":{"rendered":"https:\/\/diegetreuen.wordpress.com\/chronik-von-der-siegesburg\/"},"modified":"2016-12-23T20:52:37","modified_gmt":"2016-12-23T18:52:37","slug":"chronik-holstein","status":"publish","type":"page","link":"https:\/\/juelich-holstein.de\/index.php\/about\/chronik-holstein\/","title":{"rendered":"Chronik von Holstein"},"content":{"rendered":"\n<p>Die Siegesburg war die gr\u00f6\u00dfte der drei H\u00f6henburgen Schleswig-Holsteins&nbsp;und namensgebend f\u00fcr die heutige Stadt Bad Segeberg.<br>In der folgenden Zeitleiste haben wir ein paar Eckdaten zu Holstein und der Siegesburg zusammengefasst.<\/p>\n\n\n\n<div class=\"wp-block-group\"><div class=\"wp-block-group__inner-container is-layout-flow wp-block-group-is-layout-flow\">\n<div class=\"wp-block-group\"><div class=\"wp-block-group__inner-container is-layout-flow wp-block-group-is-layout-flow\">\n<figure class=\"wp-block-table\"><table><tbody><tr><td>1111<\/td><td>Adolf I. (bis 1130) von Schauenburg wird mit der Grafschaft&nbsp;Holstein belehnt<\/td><\/tr><tr><td>1128<\/td><td>erste Burg auf dem Kalkberg vom d\u00e4nischen Herzog Knud Lavard erbaut<\/td><\/tr><tr><td>1130<\/td><td>Zerst\u00f6rung der Burg durch Graf Adolf I<\/td><\/tr><tr><td>1131<\/td><td>Knud Laward wird ermordet<\/td><\/tr><tr><td>1134<\/td><td>Bau der Burg Segeberg auf dem Kalkberg<\/td><\/tr><tr><td>1137<\/td><td>Flucht von Adolfs II.; Heinrich von Badwide erh\u00e4lt die Grafschaft Holstein-Stormarn<\/td><\/tr><tr><td>1138<\/td><td>heidnische Wagrier brennen Siedlung sowie die umliegenden D\u00f6rfer nieder, die Siegesburg wird nur leicht besch\u00e4digt<\/td><\/tr><tr><td>1138\/39<\/td><td>R\u00fcckeroberung durch Heinrich von Badewide<\/td><\/tr><tr><td>1139<\/td><td>R\u00fcckkehr von Adolfs II. nach Holstein-Stormarn; Heinrich von Badewide wird als Graf abgesetzt und brennt bei seinem Abzug die Siegesburg nieder<\/td><\/tr><tr><td>1143<\/td><td>Gr\u00fcndung des deutschrechtlichen&nbsp;L\u00fcbeck (Stadtrecht)<\/td><\/tr><tr><td>1143<\/td><td>Graf Adolf II. errichtet die Siegesburg erneut<\/td><\/tr><tr><td>1157<\/td><td>Waldemar I. K\u00f6nig von D\u00e4nemark; Stadtbrand in&nbsp;L\u00fcbeck<\/td><\/tr><tr><td>1158<\/td><td>Adolf II. muss L\u00fcbeck an Heinrich den L\u00f6wen abtreten<\/td><\/tr><tr><td>1159<\/td><td>\u201eNeugr\u00fcndung\u201c L\u00fcbecks unter Heinrich dem L\u00f6wen<\/td><\/tr><tr><td>1163<\/td><td>Weihe des ersten L\u00fcbeckers Domes<\/td><\/tr><tr><td>1175<\/td><td>Erste Erw\u00e4hnung des Johannisklosters (Kl\u00f6ster) in L\u00fcbeck<\/td><\/tr><tr><td>1180<\/td><td>Sturz Heinrich des L\u00f6wen<\/td><\/tr><tr><td>1180<\/td><td>Heinrich der L\u00f6we f\u00e4llt in Holstein ein, Belagerung der Siegesburg, Niederlage aufgrund Wassermangels, Ausbau der Burg unter Heinrich dem L\u00f6wen<\/td><\/tr><tr><td>1181<\/td><td>Friedrich I. wird Stadtherr von&nbsp;L\u00fcbeck<\/td><\/tr><tr><td>1201<\/td><td>Nordelbien kommt unter d\u00e4nische Herrschaft; Albrecht von Orlam\u00fcnde wird Graf von Holstein, Stormarn,&nbsp;Wagrien und Ratzeburg<\/td><\/tr><tr><td>1201<\/td><td>Niederlage Adolfs III. gegen Herzog Waldemar, d\u00e4nischer Statthalter von Schleswig, Holstein f\u00e4llt an das d\u00e4nische K\u00f6nigshaus, Belagerung der Siegesburg durch D\u00e4nen<\/td><\/tr><tr><td>1202<\/td><td>Kapitulation der Siegesburg, Einsetzung eines d\u00e4nischen Burgvogt<\/td><\/tr><tr><td>1223<\/td><td>erneute Auseinandersetzungen um die Vorherrschaft in Nordelbien<\/td><\/tr><tr><td>1224<\/td><td>R\u00fcckeroberung von Holstein durch Adolf IV. von Schauenburg<\/td><\/tr><tr><td>1225<\/td><td>Adolf IV. (bis 1261) Graf von Holstein<\/td><\/tr><tr><td>1226<\/td><td>Reichsfreiheitsprivileg f\u00fcr&nbsp;L\u00fcbeck<\/td><\/tr><tr><td>1227<\/td><td>22.7. Schlacht bei Bornh\u00f6ved; Niederlage des D\u00e4nenk\u00f6nigs Waldemar II.;  Adolf IV. wieder Burgherr und Graf von Holstein, dadurch Ende der d\u00e4nischen Herrschaft in Holstein<\/td><\/tr><tr><td>1241<\/td><td>Schriftliche Fassung des J\u00fctischen Landrechts (Jyske Lov); Vertrag zwischen Hamburg und&nbsp;L\u00fcbeck zur Sicherung des Landverkehrs zwischen den St\u00e4dten<\/td><\/tr><tr><td>1251<\/td><td>Stadtbrand in&nbsp;L\u00fcbeck<\/td><\/tr><tr><td>1260<\/td><td>Die Grafen von Holstein aus dem Hause&nbsp;Schauenburg erhalten das Land zwischen Eider und Schlei als Pfand;&nbsp;Rendsburg wird an die Grafen von Holstein \u00fcbergeben; Segeberg erh\u00e4lt Stadtrecht<\/td><\/tr><tr><td>1261<\/td><td>Nach dem Tod des Schauenburger Grafen Adolf IV. erfolgt die erste Landesteilung in Holstein unter seinen S\u00f6hnen Gerhard und Johann<\/td><\/tr><tr><td>1273<\/td><td>Erneute Landesteilung in Holstein; am Ende des Jahrhunderts ist Holstein in f\u00fcnf Grafschaften geteilt: den Kieler, Segeberger, Pl\u00f6ner, Rendsburger und den sp\u00e4teren Pinneberger Anteil<\/td><\/tr><tr><td>1273<\/td><td>&nbsp;Landesteilung Holsteins durch Graf Gerhard I. und seinen Neffen Adolf V. und Johann II., Adolf V. erh\u00e4lt Segeberger Anteil mit der Siegesburg als Stammsitz<\/td><\/tr><tr><td>1276<\/td><td>Stadtbrand in&nbsp;L\u00fcbeck<\/td><\/tr><tr><td>1290<\/td><td>L\u00fcbeck kauft die Wakenitz und den n\u00f6rdlichen Teil des Ratzeburger Sees<\/td><\/tr><tr><td>1300<\/td><td>An der Wende vom 13. zum 14. Jahrhundert kommt der Wachstumsproze\u00df von Bev\u00f6lkerung und Wirtschaft zum Stehen<\/td><\/tr><tr><td>1308<\/td><td>Grafschaft Holstein-Segeberg geht mangels Erben an die Grafschaft Holstein-Kiel<\/td><\/tr><tr><td>1312<\/td><td>Belehnung Erichs II. mit dem Herzogtum Schleswig<\/td><\/tr><tr><td>1316<\/td><td>Johann III. und Gerhard III. teilen&nbsp;die Grafschaft Segeberg untereinander auf, Gerhard erh\u00e4lt den Segeberger Anteil, Befestigung der Siegesburg<\/td><\/tr><tr><td>1325<\/td><td>Gerhard III. von Rendsburg Vormund des unm\u00fcndigen Herzogs Waldemar von Schleswig<\/td><\/tr><tr><td>1326<\/td><td>K\u00f6nig Waldemar von D\u00e4nemark verlehnt des Herzogtum Schleswig an seinem Vormund Gerhard III.; Graf Johann III. von Pl\u00f6n erh\u00e4lt Fehmarn<\/td><\/tr><tr><td>1342-1366<\/td><td>Heinrich II. verpf\u00e4ndet die Kalkbergfestung samt Stadt und Vogtei an die Hansestadt L\u00fcbeck<\/td><\/tr><tr><td>1350<\/td><td>Pest in Schleswig und Holstein<\/td><\/tr><tr><td>1356<\/td><td>Erster allgemeiner Hansetag (Hanse) in&nbsp;L\u00fcbeck<\/td><\/tr><tr><td>1362<\/td><td>16.1.&nbsp;Sturmflut \u201eDe grote Manndr\u00e4nke\u201c (\u201e2.Marcellusflut\u201c), \u00fcber 100.000 Tote, 34 Kirchen und die Stadt Rungholt zerst\u00f6rt; danach Beginn der Landgewinnung in Nordfriesland<\/td><\/tr><tr><td>1375<\/td><td>20.-30.10. Besuch Kaiser Karls IV. in&nbsp;L\u00fcbeck<\/td><\/tr><tr><td>1386<\/td><td>Erneute Belehnung des Grafen von Holstein mit den Herzogtum Schleswig<\/td><\/tr><tr><td>1390<\/td><td>Die Pl\u00f6ner Linie der&nbsp;Schauenburger stirbt aus; Vereinigung der Grafschaften Pl\u00f6n und Rendsburg; Baubeginn des Stecknitzkanals<\/td><\/tr><tr><td>1406<\/td><td>Pest in&nbsp;L\u00fcbeck und Neustadt<\/td><\/tr><tr><td>1408<\/td><td>B\u00fcrgerunruhen in&nbsp;L\u00fcbeck, der alte Rat verl\u00e4sst die Stadt<\/td><\/tr><tr><td>1415<\/td><td>Der alte Rat kehrt nach&nbsp;L\u00fcbeck zur\u00fcck<\/td><\/tr><tr><td>1420<\/td><td>Pest in Rendsburg und&nbsp;L\u00fcbeck; Eroberung Bergedorfs durch L\u00fcbeck und Hamburg<\/td><\/tr><tr><td>1423<\/td><td>Pest in Hadersleben<\/td><\/tr><tr><td>1433<\/td><td>Pest in&nbsp;L\u00fcbeck<\/td><\/tr><tr><td>1439<\/td><td>Pest auf Eiderstedt<\/td><\/tr><tr><td>1440<\/td><td>Pest in Preetz; Adolf VIII. wird mit dem Herzogtum Schleswig erblich belehnt<\/td><\/tr><tr><td>1451<\/td><td>Pest in&nbsp;L\u00fcbeck<\/td><\/tr><tr><td>1459<\/td><td>Mit Herzog Adolf VIII. stirbt der letzte&nbsp;Schauenburger<\/td><\/tr><tr><td>1459<\/td><td>Siegesburg f\u00e4llt an den d\u00e4nischen K\u00f6nig Christian I.,&nbsp;Ausbau der Burg zum Schloss<\/td><\/tr><tr><td>1460<\/td><td>Christians I. wird zum Herzog von Schleswig und Grafen von&nbsp;Holstein gew\u00e4hlt<\/td><\/tr><tr><td>1464<\/td><td>Pest in&nbsp;L\u00fcbeck und weiteren Orten in Holstein und Dithmarschen<\/td><\/tr><tr><td>1474<\/td><td>Erhebung der Grafschaft&nbsp;Holstein zum Herzogtum<\/td><\/tr><tr><td>1475<\/td><td>Erste Druckerei in&nbsp;L\u00fcbeck<\/td><\/tr><tr><td>1477<\/td><td>Brand in Oldesloe; Bau des Holstentors in&nbsp;L\u00fcbeck<\/td><\/tr><tr><td>1483<\/td><td>Pest in&nbsp;L\u00fcbeck<\/td><\/tr><tr><td>1484<\/td><td>Pest in&nbsp;L\u00fcbeck, Preetz und Lunden<\/td><\/tr><tr><td>1485<\/td><td>Pest in Preetz; Brand in Flensburg<\/td><\/tr><tr><td>1486<\/td><td>Druckerei in Schleswig<\/td><\/tr><tr><td>1494<\/td><td>Druck der ersten Bibel in&nbsp;L\u00fcbeck<\/td><\/tr><tr><td>1495<\/td><td>Pest in Flensburg; erstmals Syphillis in den Herzogt\u00fcmern<\/td><\/tr><tr><td>1496<\/td><td>Um unabh\u00e4ngig von L\u00fcbeck zu werden, wird f\u00fcr die holsteinischen St\u00e4dte&nbsp;Kiel,&nbsp;Rendsburg, Itzehoe und Oldesloe in Kiel als oberste Instanz das Vierst\u00e4dtegericht eingerichtet<\/td><\/tr><tr><td>1502<\/td><td>Pest in Flensburg<\/td><\/tr><tr><td>1521<\/td><td>Pest in den St\u00e4dten und Dithmarschen<\/td><\/tr><tr><td>1524<\/td><td>Herzog Friedrich wird mit Waffengewalt K\u00f6nig von D\u00e4nemark<\/td><\/tr><tr><td>1533<\/td><td>Erbhuldigung des&nbsp;Landtages in Kiel an Christian III. und seine Br\u00fcder und damit Anerkennung der Union zwischen den&nbsp;Herzogt\u00fcmern und D\u00e4nemark; bis 1536 versucht&nbsp;L\u00fcbeck in der&nbsp;Grafenfehde, sein Handelsmonopol in der Ostsee zu erhalten<\/td><\/tr><tr><td>1534<\/td><td>Brand Segebergs<\/td><\/tr><tr><td>1534<\/td><td>&nbsp;kriegerische Auseinandersetzngen zwischen L\u00fcbeck und D\u00e4nemark (Grafenfehde), vergebliche Belagerung der Siegesburg durch L\u00fcbeck, Siegesburg wird stark besch\u00e4digt, Segeberg nahezu vollst\u00e4ndig zerst\u00f6rt<\/td><\/tr><tr><td>1544<\/td><td>Landesteilung zwischen Christian III. und seinen Halbbr\u00fcdern Johann dem \u00c4lteren und Adolf. Adolf begr\u00fcndet das Haus Schleswig-Holstein-Gottorf<\/td><\/tr><tr><td>1548<\/td><td>Pest in&nbsp;L\u00fcbeck, Segeberg und Tondern<\/td><\/tr><tr><td>1557<\/td><td>bis 1598 Heinrich Rantzau k\u00f6niglicher Statthalter in den&nbsp;Herzogt\u00fcmern<\/td><\/tr><tr><td>1559<\/td><td>\u201eLetzte Fehde\u201c: Dreiteilung&nbsp;Dithmarschens nach der Eroberung durch Herzog Adolf von&nbsp;Gottorf sowie Herzog Johann dem \u00c4lteren und dem d\u00e4nischen K\u00f6nig<\/td><\/tr><tr><td>1564<\/td><td>Johann der J\u00fcngere wird nach der erneuten&nbsp;Landesteilung des k\u00f6niglichen Anteils durch Friedrich II. von den St\u00e4nden nicht als Landesherr anerkannt und wird damit der erste (von der Landesherrschaft)&nbsp;abgeteilte Herr<\/td><\/tr><tr><td>1565<\/td><td>Pest in Flensburg und Holstein<\/td><\/tr><tr><td>1581<\/td><td>Letzte Landesteilung: Friedrich II. und Adolf von Schleswig-Holstein-Gottorf teilen das Erbe Johann des \u00c4lteren.&nbsp;Dithmarschen wird in Norder- und S\u00fcderdithmarschen geteilt;&nbsp;Sturmflut an der Westk\u00fcste<\/td><\/tr><tr><td>1598<\/td><td>Pest in Kiel und Umgebung<\/td><\/tr><tr><td>1625<\/td><td>Christian IV. wird auf Seiten der Protestanten in den&nbsp;Drei\u00dfigj\u00e4hrigen Krieg (Kaiserlicher Krieg) ein; F\u00fcnf Sturmfluten in Nordfriesland<\/td><\/tr><tr><td>1627<\/td><td>19.9. Erst\u00fcrmung Breitenburgs durch Truppen Wallensteins<\/td><\/tr><tr><td>1627-1629<\/td><td>Siegesburg (Segeberger Schloss) wird von Wallensteins Truppen nahezu kampflos eingenommen<\/td><\/tr><tr><td>1640<\/td><td>Das Haus Schauenburg stirbt aus, die Herrschaft Pinneberg f\u00e4llt an&nbsp;Christian IV., ein anderer Teil an das Haus Schleswig-Holstein-Gottorf<\/td><\/tr><tr><td>1643<\/td><td>bis 1645 der&nbsp;Drei\u00dfigj\u00e4hrige Krieg greift erneut auf die Herzogt\u00fcmer \u00fcber, man spricht vom&nbsp;Schwedisch-D\u00e4nischen Krieg schwedische Truppen marschieren in Holstein ein<\/td><\/tr><tr><td>1644<\/td><td>Siegesburg wird bei R\u00fcckzug der Schweden niedergebrannt<\/td><\/tr><tr><td>1649<\/td><td>Ruine der Burg und Kalkberg dienen zur Materialgewinnung<\/td><\/tr><\/tbody><\/table><\/figure>\n<\/div><\/div>\n<\/div><\/div>\n\n\n\n<hr class=\"wp-block-separator has-alpha-channel-opacity\"\/>\n\n\n\n<p>Quellen:<\/p>\n\n\n\n<ul class=\"wp-block-list\"><li>Wikipedia (als Recherche-Grundlage)<\/li><li>Stadtchronik von Bad Segeberg<\/li><li>http:\/\/www.geschichte-s-h.de\/zeitreise\/<\/li><\/ul>\n","protected":false},"excerpt":{"rendered":"<p>Die Siegesburg war die gr\u00f6\u00dfte der drei H\u00f6henburgen Schleswig-Holsteins&nbsp;und namensgebend f\u00fcr die heutige Stadt Bad Segeberg.In der folgenden Zeitleiste haben wir ein paar Eckdaten zu Holstein und der Siegesburg zusammengefasst. 1111 Adolf I. (bis 1130) von Schauenburg wird mit der Grafschaft&nbsp;Holstein belehnt 1128 erste Burg auf dem Kalkberg vom d\u00e4nischen Herzog Knud Lavard erbaut 1130&hellip; <a href=\"https:\/\/juelich-holstein.de\/index.php\/about\/chronik-holstein\/\" class=\"more-link\">Weiterlesen <span class=\"screen-reader-text\">Chronik von Holstein<\/span><\/a><\/p>\n","protected":false},"author":2,"featured_media":0,"parent":100,"menu_order":0,"comment_status":"closed","ping_status":"closed","template":"templates\/full-width-page.php","meta":{"_coblocks_attr":"","_coblocks_dimensions":"","_coblocks_responsive_height":"","_coblocks_accordion_ie_support":"","footnotes":""},"tags":[],"class_list":["post-96","page","type-page","status-publish","hentry","without-featured-image"],"jetpack_sharing_enabled":true,"_links":{"self":[{"href":"https:\/\/juelich-holstein.de\/index.php\/wp-json\/wp\/v2\/pages\/96","targetHints":{"allow":["GET"]}}],"collection":[{"href":"https:\/\/juelich-holstein.de\/index.php\/wp-json\/wp\/v2\/pages"}],"about":[{"href":"https:\/\/juelich-holstein.de\/index.php\/wp-json\/wp\/v2\/types\/page"}],"author":[{"embeddable":true,"href":"https:\/\/juelich-holstein.de\/index.php\/wp-json\/wp\/v2\/users\/2"}],"replies":[{"embeddable":true,"href":"https:\/\/juelich-holstein.de\/index.php\/wp-json\/wp\/v2\/comments?post=96"}],"version-history":[{"count":0,"href":"https:\/\/juelich-holstein.de\/index.php\/wp-json\/wp\/v2\/pages\/96\/revisions"}],"up":[{"embeddable":true,"href":"https:\/\/juelich-holstein.de\/index.php\/wp-json\/wp\/v2\/pages\/100"}],"wp:attachment":[{"href":"https:\/\/juelich-holstein.de\/index.php\/wp-json\/wp\/v2\/media?parent=96"}],"wp:term":[{"taxonomy":"post_tag","embeddable":true,"href":"https:\/\/juelich-holstein.de\/index.php\/wp-json\/wp\/v2\/tags?post=96"}],"curies":[{"name":"wp","href":"https:\/\/api.w.org\/{rel}","templated":true}]}}